{"id":738,"date":"2022-04-11T23:27:22","date_gmt":"2022-04-11T21:27:22","guid":{"rendered":"https:\/\/revivre-labs.com\/beta\/?post_type=product&#038;p=738"},"modified":"2025-02-24T22:45:52","modified_gmt":"2025-02-24T21:45:52","slug":"nut-gwp-s-poudre-de-proteine","status":"publish","type":"product","link":"https:\/\/reviscience-labs.com\/fr\/produit\/nut-gwp-s-poudre-de-proteine\/","title":{"rendered":"La Poudre de prot\u00e9ine gourmet ar\u00f4me fraise v\u00e9ritable"},"content":{"rendered":"<p>Minceur GWP S : Poudre de Prot\u00e9ine<\/p>\n","protected":false},"excerpt":{"rendered":"<p>Description bient\u00f4t disponible [&#8230;]<\/p>\n","protected":false},"featured_media":10754,"comment_status":"open","ping_status":"closed","template":"","meta":[],"product_cat":[33],"product_tag":[28],"_links":{"self":[{"href":"https:\/\/reviscience-labs.com\/fr\/wp-json\/wp\/v2\/product\/738"}],"collection":[{"href":"https:\/\/reviscience-labs.com\/fr\/wp-json\/wp\/v2\/product"}],"about":[{"href":"https:\/\/reviscience-labs.com\/fr\/wp-json\/wp\/v2\/types\/product"}],"replies":[{"embeddable":true,"href":"https:\/\/reviscience-labs.com\/fr\/wp-json\/wp\/v2\/comments?post=738"}],"version-history":[{"count":1,"href":"https:\/\/reviscience-labs.com\/fr\/wp-json\/wp\/v2\/product\/738\/revisions"}],"predecessor-version":[{"id":10768,"href":"https:\/\/reviscience-labs.com\/fr\/wp-json\/wp\/v2\/product\/738\/revisions\/10768"}],"wp:featuredmedia":[{"embeddable":true,"href":"https:\/\/reviscience-labs.com\/fr\/wp-json\/wp\/v2\/media\/10754"}],"wp:attachment":[{"href":"https:\/\/reviscience-labs.com\/fr\/wp-json\/wp\/v2\/media?parent=738"}],"wp:term":[{"taxonomy":"product_cat","embeddable":true,"href":"https:\/\/reviscience-labs.com\/fr\/wp-json\/wp\/v2\/product_cat?post=738"},{"taxonomy":"product_tag","embeddable":true,"href":"https:\/\/reviscience-labs.com\/fr\/wp-json\/wp\/v2\/product_tag?post=738"}],"curies":[{"name":"wp","href":"https:\/\/api.w.org\/{rel}","templated":true}]}}