{"id":725,"date":"2022-04-11T23:27:22","date_gmt":"2022-04-11T21:27:22","guid":{"rendered":"https:\/\/revivre-labs.com\/beta\/?post_type=product&#038;p=725"},"modified":"2024-08-19T19:06:33","modified_gmt":"2024-08-19T17:06:33","slug":"minceur-cwl24-2-complexe-reduction-dappetit","status":"publish","type":"product","link":"https:\/\/reviscience-labs.com\/fr\/produit\/minceur-cwl24-2-complexe-reduction-dappetit\/","title":{"rendered":"Le Complexe 2 R\u00e9ducteur d&#8217;app\u00e9tit"},"content":{"rendered":"<p>Minceur CWL24-2 : Complexe r\u00e9duction d&#8217;app\u00e9tit<\/p>\n","protected":false},"excerpt":{"rendered":"<p>Description courte bient\u00f4t disponible &#8230;<\/p>\n","protected":false},"featured_media":10757,"comment_status":"open","ping_status":"closed","template":"","meta":[],"product_cat":[20],"product_tag":[27,43],"_links":{"self":[{"href":"https:\/\/reviscience-labs.com\/fr\/wp-json\/wp\/v2\/product\/725"}],"collection":[{"href":"https:\/\/reviscience-labs.com\/fr\/wp-json\/wp\/v2\/product"}],"about":[{"href":"https:\/\/reviscience-labs.com\/fr\/wp-json\/wp\/v2\/types\/product"}],"replies":[{"embeddable":true,"href":"https:\/\/reviscience-labs.com\/fr\/wp-json\/wp\/v2\/comments?post=725"}],"version-history":[{"count":1,"href":"https:\/\/reviscience-labs.com\/fr\/wp-json\/wp\/v2\/product\/725\/revisions"}],"predecessor-version":[{"id":10766,"href":"https:\/\/reviscience-labs.com\/fr\/wp-json\/wp\/v2\/product\/725\/revisions\/10766"}],"wp:featuredmedia":[{"embeddable":true,"href":"https:\/\/reviscience-labs.com\/fr\/wp-json\/wp\/v2\/media\/10757"}],"wp:attachment":[{"href":"https:\/\/reviscience-labs.com\/fr\/wp-json\/wp\/v2\/media?parent=725"}],"wp:term":[{"taxonomy":"product_cat","embeddable":true,"href":"https:\/\/reviscience-labs.com\/fr\/wp-json\/wp\/v2\/product_cat?post=725"},{"taxonomy":"product_tag","embeddable":true,"href":"https:\/\/reviscience-labs.com\/fr\/wp-json\/wp\/v2\/product_tag?post=725"}],"curies":[{"name":"wp","href":"https:\/\/api.w.org\/{rel}","templated":true}]}}