{"id":713,"date":"2022-04-11T23:27:21","date_gmt":"2022-04-11T21:27:21","guid":{"rendered":"https:\/\/revivre-labs.com\/beta\/?post_type=product&#038;p=713"},"modified":"2024-08-19T19:06:42","modified_gmt":"2024-08-19T17:06:42","slug":"la-solution-beaute-integrale-hns-250","status":"publish","type":"product","link":"https:\/\/reviscience-labs.com\/fr\/produit\/la-solution-beaute-integrale-hns-250\/","title":{"rendered":"La Solution beaut\u00e9 int\u00e9grale (HNS 250)"},"content":{"rendered":"<p><strong>Antioxydant, cheveux, ongles, peau<\/strong><\/p>\n<ul>\n<li class=\"first-child\">Acc\u00e9l\u00e8re et densifie la\u00a0<strong>pousse des cheveux<\/strong>\u00a0(8 fois plus de repousse en moyenne)<\/li>\n<li>Renforce le cheveu et am\u00e9liore significativement sa\u00a0<strong>brillance<\/strong><\/li>\n<li>Allonge les\u00a0<strong>cils<\/strong><\/li>\n<li>Sublime et rajeunit visiblement la\u00a0<strong>peau<\/strong>\u00a0(80% plus douce, plus ferme et plus \u00e9lastique)<\/li>\n<li>Double la solidit\u00e9 des\u00a0<strong>ongles<\/strong><\/li>\n<li>Renforce les\u00a0<strong>d\u00e9fenses immunitaires<\/strong>\u00a0naturelles<\/li>\n<li class=\"last-child\">Pr\u00e9vient le\u00a0<strong>vieillissement cellulaire<\/strong><\/li>\n<\/ul>\n<p>Dur\u00e9e de cure recommand\u00e9e : \u00e0 partir de 3 mois (1 boite = 30 jours de traitement standard)<\/p>\n<p>D\u00e9lai de livraison constat\u00e9 : 72 heures en France m\u00e9tropolitaine<\/p>\n<div class=\"summary entry-summary\">\n<div class=\"woocommerce-product-details__short-description\">\n<div>\n<p><button style=\"color: #5f2c63;\">B\u00c9N\u00c9FICIEZ DES PROMOTIONS SUR LES PACKS DE 3, 6 ET 12 BOITES !<\/button><\/p>\n<\/div>\n<\/div>\n<div id=\"wc_product_reassurance\">\n<div class=\"reassurance-produit\">\n<div class=\"textwidget\">\n<ul>\n<li class=\"first-child\">Paiements 100% s\u00e9curis\u00e9s (Paypal, CB et Amazon Pay)<\/li>\n<li>Paiement en 4 fois sans frais \u00e0 partir de 100 \u20ac<\/li>\n<li class=\"last-child\">Livraison gratuite dans toute l\u2019Europe<\/li>\n<\/ul>\n<\/div>\n<\/div>\n<\/div>\n<\/div>\n","protected":false},"excerpt":{"rendered":"<p><strong style=\"font-size: 22px;\">Antioxydant, cheveux, ongles, peau<\/strong><\/p>\n<ul>\n<li>Acc\u00e9l\u00e8re et densifie la <strong>pousse des cheveux<\/strong> (8 fois plus de repousse en moyenne)<\/li>\n<li>Renforce le cheveu et am\u00e9liore significativement sa <strong>brillance<\/strong><\/li>\n<li>Allonge les <strong>cils<\/strong><\/li>\n<li>Sublime et rajeunit visiblement la <strong>peau<\/strong> (80% plus douce, plus ferme et plus \u00e9lastique)<\/li>\n<li>Double la solidit\u00e9 des <strong>ongles<\/strong><\/li>\n<li>Renforce les <strong>d\u00e9fenses immunitaires<\/strong> naturelles<\/li>\n<li>Pr\u00e9vient le <strong>vieillissement cellulaire<\/strong><\/li>\n<\/ul>\n<p>Dur\u00e9e de cure recommand\u00e9e : \u00e0 partir de 3 mois (1 boite = 30 jours de traitement standard)<\/p>\n<p>D\u00e9lai de livraison constat\u00e9 : 72 heures en France m\u00e9tropolitaine<\/p>\n<p><button style=\"background-color: #fff!important; border: 1px solid #5f2c63!important; color: #5f2c63!important; cursor: default!important;\">B\u00e9n\u00e9ficiez des promotions sur les packs de 3, 6 et 12 boites !<\/button><\/p>\n","protected":false},"featured_media":10755,"comment_status":"open","ping_status":"closed","template":"","meta":[],"product_cat":[56,22],"product_tag":[26],"_links":{"self":[{"href":"https:\/\/reviscience-labs.com\/fr\/wp-json\/wp\/v2\/product\/713"}],"collection":[{"href":"https:\/\/reviscience-labs.com\/fr\/wp-json\/wp\/v2\/product"}],"about":[{"href":"https:\/\/reviscience-labs.com\/fr\/wp-json\/wp\/v2\/types\/product"}],"replies":[{"embeddable":true,"href":"https:\/\/reviscience-labs.com\/fr\/wp-json\/wp\/v2\/comments?post=713"}],"version-history":[{"count":1,"href":"https:\/\/reviscience-labs.com\/fr\/wp-json\/wp\/v2\/product\/713\/revisions"}],"predecessor-version":[{"id":10619,"href":"https:\/\/reviscience-labs.com\/fr\/wp-json\/wp\/v2\/product\/713\/revisions\/10619"}],"wp:featuredmedia":[{"embeddable":true,"href":"https:\/\/reviscience-labs.com\/fr\/wp-json\/wp\/v2\/media\/10755"}],"wp:attachment":[{"href":"https:\/\/reviscience-labs.com\/fr\/wp-json\/wp\/v2\/media?parent=713"}],"wp:term":[{"taxonomy":"product_cat","embeddable":true,"href":"https:\/\/reviscience-labs.com\/fr\/wp-json\/wp\/v2\/product_cat?post=713"},{"taxonomy":"product_tag","embeddable":true,"href":"https:\/\/reviscience-labs.com\/fr\/wp-json\/wp\/v2\/product_tag?post=713"}],"curies":[{"name":"wp","href":"https:\/\/api.w.org\/{rel}","templated":true}]}}