{"id":771,"date":"2022-04-12T09:33:50","date_gmt":"2022-04-12T09:33:50","guid":{"rendered":"https:\/\/revivre-labs.com\/beta\/?page_id=771"},"modified":"2023-05-29T19:01:29","modified_gmt":"2023-05-29T17:01:29","slug":"systeme-supraceutique","status":"publish","type":"page","link":"https:\/\/reviscience-labs.com\/fr\/systeme-supraceutique\/","title":{"rendered":"Syst\u00e8me supraceutique"},"content":{"rendered":"\t\t<div data-elementor-type=\"wp-page\" data-elementor-id=\"771\" class=\"elementor elementor-771\" data-elementor-post-type=\"page\">\n\t\t\t\t\t\t<section class=\"elementor-section elementor-top-section elementor-element elementor-element-49bb61d elementor-section-height-min-height elementor-section-boxed elementor-section-height-default elementor-section-items-middle\" data-id=\"49bb61d\" data-element_type=\"section\" data-settings=\"{&quot;background_background&quot;:&quot;classic&quot;}\">\r\n\t\t\r\n\t\t\t\t\t\t\t<div class=\"elementor-container elementor-column-gap-default\">\r\n\t\t\t\t\t\t\t\t\t\t\t<div class=\"elementor-column elementor-col-50 elementor-top-column elementor-element elementor-element-d5f3f8d\" data-id=\"d5f3f8d\" data-element_type=\"column\">\r\n\t\t\t\t\t<div class=\"elementor-widget-wrap elementor-element-populated\">\r\n\t\t\t\t\t\t\t\t<div class=\"elementor-element elementor-element-2bbac6c elementor-widget-tablet__width-initial elementor-widget elementor-widget-heading\" data-id=\"2bbac6c\" data-element_type=\"widget\" data-widget_type=\"heading.default\">\n\t\t\t\t<div class=\"elementor-widget-container\">\n\t\t\t<p class=\"elementor-heading-title elementor-size-default\">La chrono-nutrition avec <br>le  Syst\u00e8me Supraceutique\u00ae&nbsp;: <br>la juste dose au bon moment<\/p>\t\t<\/div>\n\t\t\t\t<\/div>\n\t\t\t\t<div class=\"elementor-element elementor-element-36eb8b7 elementor-widget__width-inherit elementor-widget elementor-widget-text-editor\" data-id=\"36eb8b7\" data-element_type=\"widget\" data-widget_type=\"text-editor.default\">\n\t\t\t\t<div class=\"elementor-widget-container\">\n\t\t\t\t\t\t\t<p>Une innovation de rupture qui combine les derni\u00e8res technologies de m\u00e9decine num\u00e9rique et qui pr\u00e9figure les syst\u00e8mes m\u00e9dicaux IoT qui s\u2019appr\u00eatent \u00e0 r\u00e9volutionner la sant\u00e9.<\/p>\t\t\t\t\t\t<\/div>\n\t\t\t\t<\/div>\n\t\t\t\t<div class=\"elementor-element elementor-element-d878f6b elementor-widget__width-auto elementor-widget-mobile__width-inherit elementor-widget elementor-widget-image\" data-id=\"d878f6b\" data-element_type=\"widget\" data-widget_type=\"image.default\">\n\t\t\t\t<div class=\"elementor-widget-container\">\n\t\t\t\t\t\t\t\t\t\t\t\t\t\t<a href=\"https:\/\/apps.apple.com\/us\/app\/syst%C3%A8me-supraceutique\/id1664468332%20\" target=\"_blank\">\n\t\t\t\t\t\t\t<img decoding=\"async\" src=\"https:\/\/reviscience-labs.com\/fr\/wp-content\/uploads\/elementor\/thumbs\/app-rn3lr42ebqjb9is52khz6xly3t493fovrzs9f2bsl0.png\" title=\"app\" alt=\"app\" loading=\"lazy\" \/>\t\t\t\t\t\t\t\t<\/a>\n\t\t\t\t\t\t\t\t\t\t\t\t\t<\/div>\n\t\t\t\t<\/div>\n\t\t\t\t<div class=\"elementor-element elementor-element-22f241d elementor-widget__width-auto elementor-widget-mobile__width-inherit elementor-widget elementor-widget-image\" data-id=\"22f241d\" data-element_type=\"widget\" data-widget_type=\"image.default\">\n\t\t\t\t<div class=\"elementor-widget-container\">\n\t\t\t\t\t\t\t\t\t\t\t\t\t\t<a href=\"https:\/\/play.google.com\/store\/apps\/details?id=com.revivrelabs.supraceutique\" target=\"_blank\">\n\t\t\t\t\t\t\t<img decoding=\"async\" src=\"https:\/\/reviscience-labs.com\/fr\/wp-content\/uploads\/elementor\/thumbs\/Logo-Disponible-sur-Google-play_full_image-rn3lr5y2pelvwqperlb8bx4vakuzitwcg938dm9094.png\" title=\"Logo-Disponible-sur-Google-play_full_image\" alt=\"Logo-Disponible-sur-Google-play_full_image\" loading=\"lazy\" \/>\t\t\t\t\t\t\t\t<\/a>\n\t\t\t\t\t\t\t\t\t\t\t\t\t<\/div>\n\t\t\t\t<\/div>\n\t\t\t\t\t<\/div>\r\n\t\t\t\t<\/div>\r\n\t\t\t\t<div class=\"elementor-column elementor-col-50 elementor-top-column elementor-element elementor-element-0dea72a\" data-id=\"0dea72a\" data-element_type=\"column\">\r\n\t\t\t\t\t<div class=\"elementor-widget-wrap elementor-element-populated\">\r\n\t\t\t\t\t\t\t\t<div class=\"elementor-element elementor-element-e726343 elementor-widget-tablet__width-initial elementor-widget elementor-widget-image\" data-id=\"e726343\" data-element_type=\"widget\" data-widget_type=\"image.default\">\n\t\t\t\t<div class=\"elementor-widget-container\">\n\t\t\t\t\t\t\t\t\t\t\t\t\t<img fetchpriority=\"high\" decoding=\"async\" width=\"700\" height=\"1400\" src=\"https:\/\/reviscience-labs.com\/fr\/wp-content\/uploads\/2023\/01\/SS-visuel-finale.png\" class=\"attachment-full size-full wp-image-8685\" alt=\"\" srcset=\"https:\/\/reviscience-labs.com\/fr\/wp-content\/uploads\/2023\/01\/SS-visuel-finale.png 700w, https:\/\/reviscience-labs.com\/fr\/wp-content\/uploads\/2023\/01\/SS-visuel-finale-600x1200.png 600w, https:\/\/reviscience-labs.com\/fr\/wp-content\/uploads\/2023\/01\/SS-visuel-finale-512x1024.png 512w, https:\/\/reviscience-labs.com\/fr\/wp-content\/uploads\/2023\/01\/SS-visuel-finale-640x1280.png 640w, https:\/\/reviscience-labs.com\/fr\/wp-content\/uploads\/2023\/01\/SS-visuel-finale-400x800.png 400w, https:\/\/reviscience-labs.com\/fr\/wp-content\/uploads\/2023\/01\/SS-visuel-finale-367x734.png 367w\" sizes=\"(max-width: 700px) 100vw, 700px\" \/>\t\t\t\t\t\t\t\t\t\t\t\t\t<\/div>\n\t\t\t\t<\/div>\n\t\t\t\t\t<\/div>\r\n\t\t\t\t<\/div>\r\n\t\t\t\t\t<\/div>\r\n\t\t\t\t<\/section>\r\n\t\t\t\t<section class=\"elementor-section elementor-top-section elementor-element elementor-element-049dec1 elementor-section-boxed elementor-section-height-default elementor-section-height-default\" data-id=\"049dec1\" data-element_type=\"section\">\r\n\t\t\r\n\t\t\t\t\t\t\t<div class=\"elementor-container elementor-column-gap-default\">\r\n\t\t\t\t\t\t\t\t\t\t\t<div class=\"elementor-column elementor-col-100 elementor-top-column elementor-element elementor-element-9474291\" data-id=\"9474291\" data-element_type=\"column\">\r\n\t\t\t\t\t<div class=\"elementor-widget-wrap elementor-element-populated\">\r\n\t\t\t\t\t\t\t\t<div class=\"elementor-element elementor-element-802f6c2 elementor-widget-mobile__width-inherit elementor-widget elementor-widget-heading\" data-id=\"802f6c2\" data-element_type=\"widget\" data-widget_type=\"heading.default\">\n\t\t\t\t<div class=\"elementor-widget-container\">\n\t\t\t<p class=\"elementor-heading-title elementor-size-default\">Au coeur du Syst\u00e8me, une application <br>de gestion des apports en actifs <\/p>\t\t<\/div>\n\t\t\t\t<\/div>\n\t\t\t\t<div class=\"elementor-element elementor-element-4dabf20 elementor-widget elementor-widget-text-editor\" data-id=\"4dabf20\" data-element_type=\"widget\" data-widget_type=\"text-editor.default\">\n\t\t\t\t<div class=\"elementor-widget-container\">\n\t\t\t\t\t\t\t<p>Le Syst\u00e8me Supraceutique\u00ae est le premier syst\u00e8me d&#8217;intelligence artificielle d&#8217;aide \u00e0 la chrono-nutrition qui propose : <br>\u2022 Une gestion intelligente des prises<br>\u2022 Des dispositifs de mesure biologique en continu<br>\u2022 Une gamme de complexes nutritionnels modulaires aux formules \u00e0 la pointe de la recherche.<\/p>\t\t\t\t\t\t<\/div>\n\t\t\t\t<\/div>\n\t\t\t\t\t<\/div>\r\n\t\t\t\t<\/div>\r\n\t\t\t\t\t<\/div>\r\n\t\t\t\t<\/section>\r\n\t\t\t\t<section class=\"elementor-section elementor-top-section elementor-element elementor-element-6b3c1af elementor-section-boxed elementor-section-height-default elementor-section-height-default\" data-id=\"6b3c1af\" data-element_type=\"section\" data-settings=\"{&quot;background_background&quot;:&quot;classic&quot;}\">\r\n\t\t\r\n\t\t\t\t\t\t\t<div class=\"elementor-container elementor-column-gap-default\">\r\n\t\t\t\t\t\t\t\t\t\t\t<div class=\"elementor-column elementor-col-100 elementor-top-column elementor-element elementor-element-72a50ae\" data-id=\"72a50ae\" data-element_type=\"column\">\r\n\t\t\t\t\t<div class=\"elementor-widget-wrap elementor-element-populated\">\r\n\t\t\t\t\t\t\t\t<section class=\"elementor-section elementor-inner-section elementor-element elementor-element-7178ecc elementor-section-full_width elementor-section-height-default elementor-section-height-default\" data-id=\"7178ecc\" data-element_type=\"section\">\r\n\t\t\r\n\t\t\t\t\t\t\t<div class=\"elementor-container elementor-column-gap-default\">\r\n\t\t\t\t\t\t\t\t\t\t\t<div class=\"elementor-column elementor-col-50 elementor-inner-column elementor-element elementor-element-c1f3ffa\" data-id=\"c1f3ffa\" data-element_type=\"column\">\r\n\t\t\t\t\t<div class=\"elementor-widget-wrap elementor-element-populated\">\r\n\t\t\t\t\t\t\t\t<div class=\"elementor-element elementor-element-de71926 elementor-widget elementor-widget-heading\" data-id=\"de71926\" data-element_type=\"widget\" data-widget_type=\"heading.default\">\n\t\t\t\t<div class=\"elementor-widget-container\">\n\t\t\t<p class=\"elementor-heading-title elementor-size-default\">Parce que chaque patient <br>est unique\u2026<\/p>\t\t<\/div>\n\t\t\t\t<\/div>\n\t\t\t\t<div class=\"elementor-element elementor-element-41a3c61 elementor-widget elementor-widget-text-editor\" data-id=\"41a3c61\" data-element_type=\"widget\" data-widget_type=\"text-editor.default\">\n\t\t\t\t<div class=\"elementor-widget-container\">\n\t\t\t\t\t\t\t<p>Une innovation mondiale pour individualiser chaque traitement<\/p>\t\t\t\t\t\t<\/div>\n\t\t\t\t<\/div>\n\t\t\t\t<div class=\"elementor-element elementor-element-37a7608 elementor-widget elementor-widget-text-editor\" data-id=\"37a7608\" data-element_type=\"widget\" data-widget_type=\"text-editor.default\">\n\t\t\t\t<div class=\"elementor-widget-container\">\n\t\t\t\t\t\t\t<p><span style=\"color: #342356;\">Le Syst\u00e8me Supraceutique\u00ae int\u00e8gre et analyse l\u2019ensemble de ces\u00a0<span style=\"letter-spacing: 0px;\">param\u00e8tres biologiques pour adapter la dispensation des actifs :\u00a0<\/span><span style=\"letter-spacing: 0px;\">compl\u00e9ments alimentaires, ingr\u00e9dients nutritionnels&#8230;<\/span><\/span><\/p>\t\t\t\t\t\t<\/div>\n\t\t\t\t<\/div>\n\t\t\t\t<div class=\"elementor-element elementor-element-743056c elementor-widget elementor-widget-text-editor\" data-id=\"743056c\" data-element_type=\"widget\" data-widget_type=\"text-editor.default\">\n\t\t\t\t<div class=\"elementor-widget-container\">\n\t\t\t\t\t\t\t<p>L\u2019application collecte les donn\u00e9es li\u00e9es\u00a0:<br \/>\u2022 \u00e0 votre m\u00e9tabolisme<br \/>\u00a0 \u00a0 \u00a0 \u00a0 -IMS<br \/>\u00a0 \u00a0 \u00a0 \u00a0 -\u00e2ge<br \/>\u00a0 \u00a0 \u00a0 \u00a0 -sexe\u2026<\/p><p>\u2022 \u00e0 votre condition physique <br \/>\u00a0 \u00a0 \u00a0 \u00a0 &#8211; pathologies<br \/>\u00a0 \u00a0 \u00a0 \u00a0 &#8211; poids<br \/>\u00a0 \u00a0 \u00a0 \u00a0 &#8211; rythmes de sommeil&#8230;<\/p><p>\u2022 \u00e0 vos habitudes de vie<br \/>\u00a0 \u00a0 \u00a0 \u00a0 &#8211; exercice<br \/>\u00a0 \u00a0 \u00a0 \u00a0 &#8211; nutrition\u2026<\/p>\t\t\t\t\t\t<\/div>\n\t\t\t\t<\/div>\n\t\t\t\t\t<\/div>\r\n\t\t\t\t<\/div>\r\n\t\t\t\t<div class=\"elementor-column elementor-col-50 elementor-inner-column elementor-element elementor-element-3ff917f\" data-id=\"3ff917f\" data-element_type=\"column\">\r\n\t\t\t\t\t<div class=\"elementor-widget-wrap\">\r\n\t\t\t\t\t\t\t\t\t<\/div>\r\n\t\t\t\t<\/div>\r\n\t\t\t\t\t<\/div>\r\n\t\t\t\t<\/section>\r\n\t\t\t\t\t<\/div>\r\n\t\t\t\t<\/div>\r\n\t\t\t\t\t<\/div>\r\n\t\t\t\t<\/section>\r\n\t\t\t\t<section class=\"elementor-section elementor-top-section elementor-element elementor-element-f400542 elementor-section-boxed elementor-section-height-default elementor-section-height-default\" data-id=\"f400542\" data-element_type=\"section\" data-settings=\"{&quot;background_background&quot;:&quot;classic&quot;}\">\r\n\t\t\r\n\t\t\t\t\t\t\t<div class=\"elementor-container elementor-column-gap-default\">\r\n\t\t\t\t\t\t\t\t\t\t\t<div class=\"elementor-column elementor-col-50 elementor-top-column elementor-element elementor-element-ed35310\" data-id=\"ed35310\" data-element_type=\"column\">\r\n\t\t\t\t\t<div class=\"elementor-widget-wrap elementor-element-populated\">\r\n\t\t\t\t\t\t\t\t<div class=\"elementor-element elementor-element-1d2ae75 elementor-widget elementor-widget-heading\" data-id=\"1d2ae75\" data-element_type=\"widget\" data-widget_type=\"heading.default\">\n\t\t\t\t<div class=\"elementor-widget-container\">\n\t\t\t<p class=\"elementor-heading-title elementor-size-default\"><img loading=\"lazy\" decoding=\"async\" loading=\"lazy\" width=\"250\" height=\"25\" class=\"img-icon\" src=\"https:\/\/reviscience-labs.com\/fr\/wp-content\/uploads\/2022\/07\/RL-HNS-0022.png\" alt=\"\"><\/p>\t\t<\/div>\n\t\t\t\t<\/div>\n\t\t\t\t\t<\/div>\r\n\t\t\t\t<\/div>\r\n\t\t\t\t<div class=\"elementor-column elementor-col-50 elementor-top-column elementor-element elementor-element-fa068b1\" data-id=\"fa068b1\" data-element_type=\"column\">\r\n\t\t\t\t\t<div class=\"elementor-widget-wrap elementor-element-populated\">\r\n\t\t\t\t\t\t\t\t<div class=\"elementor-element elementor-element-15552ce elementor-widget elementor-widget-heading\" data-id=\"15552ce\" data-element_type=\"widget\" data-widget_type=\"heading.default\">\n\t\t\t\t<div class=\"elementor-widget-container\">\n\t\t\t<h2 class=\"elementor-heading-title elementor-size-default\">Pour des cures toujours plus efficaces<\/h2>\t\t<\/div>\n\t\t\t\t<\/div>\n\t\t\t\t<div class=\"elementor-element elementor-element-26d0630 elementor-widget elementor-widget-text-editor\" data-id=\"26d0630\" data-element_type=\"widget\" data-widget_type=\"text-editor.default\">\n\t\t\t\t<div class=\"elementor-widget-container\">\n\t\t\t\t\t\t\t<p style=\"text-align: left;\"><span style=\"letter-spacing: 0px; color: var( --e-global-color-secondary );\">Le Syst\u00e8me supraceutique\u00ae propose des complexes dans deux indications :<br \/>\u2022 La Minceur, avec un ensemble de 3 complexes avanc\u00e9s et\u00a0<\/span>d\u2019une gamme de prot\u00e9ines de r\u00e9gime de haute intensit\u00e9<br \/>\u2022 La Beaut\u00e9, avec un complexe int\u00e9gral \u00e0 la pointe de l\u2019innovation (courant 2023).<\/p>\t\t\t\t\t\t<\/div>\n\t\t\t\t<\/div>\n\t\t\t\t<div class=\"elementor-element elementor-element-fcea42b elementor-widget__width-auto elementor-widget elementor-widget-heading\" data-id=\"fcea42b\" data-element_type=\"widget\" data-widget_type=\"heading.default\">\n\t\t\t\t<div class=\"elementor-widget-container\">\n\t\t\t<h3 class=\"elementor-heading-title elementor-size-default\">Disponible sur : <\/h3>\t\t<\/div>\n\t\t\t\t<\/div>\n\t\t\t\t<div class=\"elementor-element elementor-element-ed808d4 elementor-widget__width-auto elementor-widget elementor-widget-image\" data-id=\"ed808d4\" data-element_type=\"widget\" data-widget_type=\"image.default\">\n\t\t\t\t<div class=\"elementor-widget-container\">\n\t\t\t\t\t\t\t\t\t\t\t\t\t\t<a href=\"https:\/\/play.google.com\/store\/apps\/details?id=com.revivrelabs.supraceutique\" target=\"_blank\">\n\t\t\t\t\t\t\t<img decoding=\"async\" src=\"https:\/\/reviscience-labs.com\/fr\/wp-content\/uploads\/elementor\/thumbs\/Logo-Disponible-sur-Google-play_full_image-rn3lr5y2pelvwqperlb8bx4vakuzitwcg938dm9094.png\" title=\"Logo-Disponible-sur-Google-play_full_image\" alt=\"Logo-Disponible-sur-Google-play_full_image\" loading=\"lazy\" \/>\t\t\t\t\t\t\t\t<\/a>\n\t\t\t\t\t\t\t\t\t\t\t\t\t<\/div>\n\t\t\t\t<\/div>\n\t\t\t\t<div class=\"elementor-element elementor-element-3dc95c5 elementor-widget__width-auto elementor-widget elementor-widget-image\" data-id=\"3dc95c5\" data-element_type=\"widget\" data-widget_type=\"image.default\">\n\t\t\t\t<div class=\"elementor-widget-container\">\n\t\t\t\t\t\t\t\t\t\t\t\t\t\t<a href=\"https:\/\/apps.apple.com\/us\/app\/syst%C3%A8me-supraceutique\/id1664468332%20\" target=\"_blank\">\n\t\t\t\t\t\t\t<img decoding=\"async\" src=\"https:\/\/reviscience-labs.com\/fr\/wp-content\/uploads\/elementor\/thumbs\/app-rn3lr42ebqjb9is52khz6xly3t493fovrzs9f2bsl0.png\" title=\"app\" alt=\"app\" loading=\"lazy\" \/>\t\t\t\t\t\t\t\t<\/a>\n\t\t\t\t\t\t\t\t\t\t\t\t\t<\/div>\n\t\t\t\t<\/div>\n\t\t\t\t\t<\/div>\r\n\t\t\t\t<\/div>\r\n\t\t\t\t\t<\/div>\r\n\t\t\t\t<\/section>\r\n\t\t\t\t<\/div>\n\t\t","protected":false},"excerpt":{"rendered":"<p>La chrono-nutrition avec le Syst\u00e8me Supraceutique\u00ae&nbsp;: la juste dose au bon moment Une innovation de rupture qui combine les derni\u00e8res technologies de m\u00e9decine num\u00e9rique et qui pr\u00e9figure les syst\u00e8mes m\u00e9dicaux IoT qui s\u2019appr\u00eatent \u00e0 r\u00e9volutionner la sant\u00e9. Au coeur du Syst\u00e8me, une application de gestion des apports en actifs Le Syst\u00e8me Supraceutique\u00ae est le premier [&hellip;]<\/p>\n","protected":false},"author":1,"featured_media":0,"parent":0,"menu_order":0,"comment_status":"closed","ping_status":"closed","template":"","meta":{"footnotes":""},"class_list":["post-771","page","type-page","status-publish","hentry"],"_links":{"self":[{"href":"https:\/\/reviscience-labs.com\/fr\/wp-json\/wp\/v2\/pages\/771","targetHints":{"allow":["GET"]}}],"collection":[{"href":"https:\/\/reviscience-labs.com\/fr\/wp-json\/wp\/v2\/pages"}],"about":[{"href":"https:\/\/reviscience-labs.com\/fr\/wp-json\/wp\/v2\/types\/page"}],"author":[{"embeddable":true,"href":"https:\/\/reviscience-labs.com\/fr\/wp-json\/wp\/v2\/users\/1"}],"replies":[{"embeddable":true,"href":"https:\/\/reviscience-labs.com\/fr\/wp-json\/wp\/v2\/comments?post=771"}],"version-history":[{"count":0,"href":"https:\/\/reviscience-labs.com\/fr\/wp-json\/wp\/v2\/pages\/771\/revisions"}],"wp:attachment":[{"href":"https:\/\/reviscience-labs.com\/fr\/wp-json\/wp\/v2\/media?parent=771"}],"curies":[{"name":"wp","href":"https:\/\/api.w.org\/{rel}","templated":true}]}}