{"id":1035,"date":"2022-04-14T23:42:09","date_gmt":"2022-04-14T23:42:09","guid":{"rendered":"https:\/\/revivre-labs.com\/beta\/?page_id=1035"},"modified":"2022-09-25T16:21:44","modified_gmt":"2022-09-25T14:21:44","slug":"heritage","status":"publish","type":"page","link":"https:\/\/reviscience-labs.com\/fr\/heritage\/","title":{"rendered":"h\u00e9ritage"},"content":{"rendered":"\t\t<div data-elementor-type=\"wp-page\" data-elementor-id=\"1035\" class=\"elementor elementor-1035\" data-elementor-post-type=\"page\">\n\t\t\t\t\t\t<section class=\"elementor-section elementor-top-section elementor-element elementor-element-49bb61d elementor-section-height-min-height elementor-section-boxed elementor-section-height-default elementor-section-items-middle\" data-id=\"49bb61d\" data-element_type=\"section\" data-settings=\"{&quot;background_background&quot;:&quot;classic&quot;}\">\r\n\t\t\t\t\t\t<div class=\"elementor-background-overlay\"><\/div>\r\n\t\t\t\r\n\t\t\t\t\t\t\t<div class=\"elementor-container elementor-column-gap-default\">\r\n\t\t\t\t\t\t\t\t\t\t\t<div class=\"elementor-column elementor-col-100 elementor-top-column elementor-element elementor-element-d5f3f8d\" data-id=\"d5f3f8d\" data-element_type=\"column\">\r\n\t\t\t\t\t<div class=\"elementor-widget-wrap elementor-element-populated\">\r\n\t\t\t\t\t\t\t\t<div class=\"elementor-element elementor-element-2bbac6c elementor-widget elementor-widget-heading\" data-id=\"2bbac6c\" data-element_type=\"widget\" data-widget_type=\"heading.default\">\n\t\t\t\t<div class=\"elementor-widget-container\">\n\t\t\t<p class=\"elementor-heading-title elementor-size-default\">Reviscience Labs : une ambition scientifique<\/p>\t\t<\/div>\n\t\t\t\t<\/div>\n\t\t\t\t<div class=\"elementor-element elementor-element-36eb8b7 elementor-widget elementor-widget-text-editor\" data-id=\"36eb8b7\" data-element_type=\"widget\" data-widget_type=\"text-editor.default\">\n\t\t\t\t<div class=\"elementor-widget-container\">\n\t\t\t\t\t\t\t<p>R\u00e9volutionner la sant\u00e9 par la science gr\u00e2ce \u00e0 une recherche de pointe,<br>pour une efficacit\u00e9 exceptionnelle des soins<\/p>\t\t\t\t\t\t<\/div>\n\t\t\t\t<\/div>\n\t\t\t\t\t<\/div>\r\n\t\t\t\t<\/div>\r\n\t\t\t\t\t<\/div>\r\n\t\t\t\t<\/section>\r\n\t\t\t\t<section class=\"elementor-section elementor-top-section elementor-element elementor-element-d63ae28 elementor-section-full_width elementor-hidden-desktop elementor-hidden-tablet elementor-hidden-laptop elementor-hidden-mobile elementor-section-height-default elementor-section-height-default\" data-id=\"d63ae28\" data-element_type=\"section\" data-settings=\"{&quot;background_background&quot;:&quot;classic&quot;}\">\r\n\t\t\r\n\t\t\t\t\t\t\t<div class=\"elementor-container elementor-column-gap-default\">\r\n\t\t\t\t\t\t\t\t\t\t\t<div class=\"elementor-column elementor-col-100 elementor-top-column elementor-element elementor-element-4166619\" data-id=\"4166619\" data-element_type=\"column\" data-settings=\"{&quot;background_background&quot;:&quot;classic&quot;}\">\r\n\t\t\t\t\t<div class=\"elementor-widget-wrap elementor-element-populated\">\r\n\t\t\t\t\t\t\t\t<div class=\"elementor-element elementor-element-fd134c2 elementor-widget elementor-widget-heading\" data-id=\"fd134c2\" data-element_type=\"widget\" data-widget_type=\"heading.default\">\n\t\t\t\t<div class=\"elementor-widget-container\">\n\t\t\t<h2 class=\"elementor-heading-title elementor-size-default\">Reviscience Labs : une ambition scientifique<\/h2>\t\t<\/div>\n\t\t\t\t<\/div>\n\t\t\t\t<div class=\"elementor-element elementor-element-7025596 elementor-widget elementor-widget-text-editor\" data-id=\"7025596\" data-element_type=\"widget\" data-widget_type=\"text-editor.default\">\n\t\t\t\t<div class=\"elementor-widget-container\">\n\t\t\t\t\t\t\tR\u00e9volutionner la sant\u00e9 par la science gr\u00e2ce \u00e0 une recherche de pointe, pour une efficacit\u00e9 exceptionnelle des soins.\t\t\t\t\t\t<\/div>\n\t\t\t\t<\/div>\n\t\t\t\t\t<\/div>\r\n\t\t\t\t<\/div>\r\n\t\t\t\t\t<\/div>\r\n\t\t\t\t<\/section>\r\n\t\t\t\t<section class=\"elementor-section elementor-top-section elementor-element elementor-element-871fa59 elementor-reverse-mobile elementor-section-boxed elementor-section-height-default elementor-section-height-default\" data-id=\"871fa59\" data-element_type=\"section\">\r\n\t\t\r\n\t\t\t\t\t\t\t<div class=\"elementor-container elementor-column-gap-default\">\r\n\t\t\t\t\t\t\t\t\t\t\t<div class=\"elementor-column elementor-col-50 elementor-top-column elementor-element elementor-element-0d65298\" data-id=\"0d65298\" data-element_type=\"column\">\r\n\t\t\t\t\t<div class=\"elementor-widget-wrap elementor-element-populated\">\r\n\t\t\t\t\t\t\t\t<div class=\"elementor-element elementor-element-130ca1c elementor-widget elementor-widget-heading\" data-id=\"130ca1c\" data-element_type=\"widget\" data-widget_type=\"heading.default\">\n\t\t\t\t<div class=\"elementor-widget-container\">\n\t\t\t<p class=\"elementor-heading-title elementor-size-default\">L\u2019histoire d\u2019une marque au <br>coeur de la science<\/p>\t\t<\/div>\n\t\t\t\t<\/div>\n\t\t\t\t<div class=\"elementor-element elementor-element-3e924f6 elementor-widget elementor-widget-text-editor\" data-id=\"3e924f6\" data-element_type=\"widget\" data-widget_type=\"text-editor.default\">\n\t\t\t\t<div class=\"elementor-widget-container\">\n\t\t\t\t\t\t\t<p>Reviscience Labs a \u00e9t\u00e9 cr\u00e9\u00e9 par un groupe d\u2019experts et de chercheurs qui ont eu \u00e0 c\u0153ur de r\u00e9volutionner le secteur de la sant\u00e9, de la nutrition et des compl\u00e9ments alimentaires gr\u00e2ce \u00e0 leur expertise scientifique. A l\u2019origine cr\u00e9\u00e9 sous le nom de Revivre Labs, le laboratoire devient Reviscience Labs en 2022.<\/p><div><div>Le laboratoire se d\u00e9veloppe aujourd\u2019hui autour de cinq unit\u00e9s :<\/div><div>\u00a0<\/div><div><span style=\"color: var( --e-global-color-secondary ); letter-spacing: 0px;\">\u2022 La fabrication de compl\u00e9ments alimentaires ultra-performants<\/span><\/div><div><span style=\"color: var( --e-global-color-secondary ); letter-spacing: 0px;\">\u2022 Un cabinet de coordination de soins m\u00e9dicaux de haut niveau<\/span><\/div><div><span style=\"color: var( --e-global-color-secondary ); letter-spacing: 0px;\">\u2022 Une unit\u00e9 de nutrition clinique sur mesure : le <em>Reviscience Meal Plan<\/em><\/span><\/div><div><span style=\"color: var( --e-global-color-secondary ); letter-spacing: 0px;\">\u2022 Un d\u00e9partement Recherche &amp; D\u00e9veloppement de Solutions d\u2019Internet des objets (IoT) et de m\u00e9decine num\u00e9rique<\/span><\/div><div><span style=\"color: var( --e-global-color-secondary ); letter-spacing: 0px;\">\u2022 Un programme d\u2019accompagnement \u00e0 l\u2019exercice physique : le <em>HPPX (Human Performance Precision eXperience).\u00a0<\/em><\/span><\/div><div>\u00a0<\/div><div><span style=\"letter-spacing: 0px; color: var( --e-global-color-secondary );\">En plus du d\u00e9veloppement de soins de beaut\u00e9 oraux d\u2019exception, la recherche de Reviscience Labs se concentre sur le suivi num\u00e9rique de programmes de nutrition clinique de pointe.<\/span><\/div><\/div>\t\t\t\t\t\t<\/div>\n\t\t\t\t<\/div>\n\t\t\t\t\t<\/div>\r\n\t\t\t\t<\/div>\r\n\t\t\t\t<div class=\"elementor-column elementor-col-50 elementor-top-column elementor-element elementor-element-548fd6c\" data-id=\"548fd6c\" data-element_type=\"column\" data-settings=\"{&quot;background_background&quot;:&quot;classic&quot;}\">\r\n\t\t\t\t\t<div class=\"elementor-widget-wrap elementor-element-populated\">\r\n\t\t\t\t\t\t\t\t<section class=\"elementor-section elementor-inner-section elementor-element elementor-element-080c96c elementor-section-height-min-height elementor-section-full_width elementor-section-content-middle elementor-section-height-default\" data-id=\"080c96c\" data-element_type=\"section\" data-settings=\"{&quot;background_background&quot;:&quot;classic&quot;}\">\r\n\t\t\r\n\t\t\t\t\t\t\t<div class=\"elementor-container elementor-column-gap-no\">\r\n\t\t\t\t\t\t\t\t\t\t\t<div class=\"elementor-column elementor-col-100 elementor-inner-column elementor-element elementor-element-0be2673\" data-id=\"0be2673\" data-element_type=\"column\" data-settings=\"{&quot;background_background&quot;:&quot;classic&quot;}\">\r\n\t\t\t\t\t<div class=\"elementor-widget-wrap\">\r\n\t\t\t\t\t\t\t\t\t<\/div>\r\n\t\t\t\t<\/div>\r\n\t\t\t\t\t<\/div>\r\n\t\t\t\t<\/section>\r\n\t\t\t\t\t<\/div>\r\n\t\t\t\t<\/div>\r\n\t\t\t\t\t<\/div>\r\n\t\t\t\t<\/section>\r\n\t\t\t\t<section class=\"elementor-section elementor-top-section elementor-element elementor-element-b804ec3 elementor-reverse-laptop elementor-reverse-tablet elementor-section-boxed elementor-section-height-default elementor-section-height-default\" data-id=\"b804ec3\" data-element_type=\"section\" data-settings=\"{&quot;background_background&quot;:&quot;classic&quot;}\">\r\n\t\t\r\n\t\t\t\t\t\t\t<div class=\"elementor-container elementor-column-gap-default\">\r\n\t\t\t\t\t\t\t\t\t\t\t<div class=\"elementor-column elementor-col-50 elementor-top-column elementor-element elementor-element-0ae6510\" data-id=\"0ae6510\" data-element_type=\"column\">\r\n\t\t\t\t\t<div class=\"elementor-widget-wrap elementor-element-populated\">\r\n\t\t\t\t\t\t\t\t<div class=\"elementor-element elementor-element-2958413 elementor-widget elementor-widget-heading\" data-id=\"2958413\" data-element_type=\"widget\" data-widget_type=\"heading.default\">\n\t\t\t\t<div class=\"elementor-widget-container\">\n\t\t\t<h2 class=\"elementor-heading-title elementor-size-default\">Les compl\u00e9ments alimentaires par Reviscience Labs : efficacit\u00e9 et qualit\u00e9<\/h2>\t\t<\/div>\n\t\t\t\t<\/div>\n\t\t\t\t<div class=\"elementor-element elementor-element-76c268a elementor-widget elementor-widget-text-editor\" data-id=\"76c268a\" data-element_type=\"widget\" data-widget_type=\"text-editor.default\">\n\t\t\t\t<div class=\"elementor-widget-container\">\n\t\t\t\t\t\t\t<p style=\"text-align: justify;\">Pour satisfaire des patients extr\u00eamement exigeants, les laboratoires Reviscience m\u00e8nent une recherche de pointe de qualit\u00e9 pharmaceutique pour d\u00e9velopper des compl\u00e9ments alimentaires efficaces, bioactifs et biodisponibles. Le d\u00e9partement de Recherche et D\u00e9veloppement de la marque, dirig\u00e9e par le docteur en pharmacie Sokho Danh Sang, ne fait aucune concession sur la qualit\u00e9 des ingr\u00e9dients pr\u00e9sents dans les formulations des compl\u00e9ments alimentaires Reviscience\u00a0Labs.<\/p><p><em>\u00ab Nous avons carte blanche pour concevoir nos produits, sans aucune contrainte de prix de revient. Nous recherchons les meilleurs ingr\u00e9dients naturels et travaillons pendant des mois sur les associations d\u2019actifs. \u00bb<\/em> explique le Dr Sokho Danh Sang.<span style=\"color: #000000;\">\u00a0<i style=\"letter-spacing: 0px;\">\u00ab\u00a0Nous pouvons donc proposer des produits d\u2019une technicit\u00e9 et d\u2019une qualit\u00e9 exceptionnelle.\u00a0\u00bb<\/i><\/span><\/p>\t\t\t\t\t\t<\/div>\n\t\t\t\t<\/div>\n\t\t\t\t\t<\/div>\r\n\t\t\t\t<\/div>\r\n\t\t\t\t<div class=\"elementor-column elementor-col-50 elementor-top-column elementor-element elementor-element-49ecd42\" data-id=\"49ecd42\" data-element_type=\"column\" data-settings=\"{&quot;background_background&quot;:&quot;classic&quot;}\">\r\n\t\t\t\t\t<div class=\"elementor-widget-wrap elementor-element-populated\">\r\n\t\t\t\t\t\t\t\t<section class=\"elementor-section elementor-inner-section elementor-element elementor-element-098f026 elementor-section-height-min-height elementor-section-boxed elementor-section-height-default\" data-id=\"098f026\" data-element_type=\"section\" data-settings=\"{&quot;background_background&quot;:&quot;classic&quot;}\">\r\n\t\t\r\n\t\t\t\t\t\t\t<div class=\"elementor-container elementor-column-gap-default\">\r\n\t\t\t\t\t\t\t\t\t\t\t<div class=\"elementor-column elementor-col-100 elementor-inner-column elementor-element elementor-element-9eb8b9b\" data-id=\"9eb8b9b\" data-element_type=\"column\" data-settings=\"{&quot;background_background&quot;:&quot;classic&quot;}\">\r\n\t\t\t\t\t<div class=\"elementor-widget-wrap\">\r\n\t\t\t\t\t\t\t\t\t<\/div>\r\n\t\t\t\t<\/div>\r\n\t\t\t\t\t<\/div>\r\n\t\t\t\t<\/section>\r\n\t\t\t\t\t<\/div>\r\n\t\t\t\t<\/div>\r\n\t\t\t\t\t<\/div>\r\n\t\t\t\t<\/section>\r\n\t\t\t\t<section class=\"elementor-section elementor-top-section elementor-element elementor-element-055d96d elementor-reverse-tablet elementor-section-boxed elementor-section-height-default elementor-section-height-default\" data-id=\"055d96d\" data-element_type=\"section\">\r\n\t\t\r\n\t\t\t\t\t\t\t<div class=\"elementor-container elementor-column-gap-default\">\r\n\t\t\t\t\t\t\t\t\t\t\t<div class=\"elementor-column elementor-col-50 elementor-top-column elementor-element elementor-element-3797c82\" data-id=\"3797c82\" data-element_type=\"column\">\r\n\t\t\t\t\t<div class=\"elementor-widget-wrap elementor-element-populated\">\r\n\t\t\t\t\t\t\t\t<div class=\"elementor-element elementor-element-3dc2401 elementor-widget elementor-widget-heading\" data-id=\"3dc2401\" data-element_type=\"widget\" data-widget_type=\"heading.default\">\n\t\t\t\t<div class=\"elementor-widget-container\">\n\t\t\t<h2 class=\"elementor-heading-title elementor-size-default\">La coordination de soins <br>de haut niveau<\/h2>\t\t<\/div>\n\t\t\t\t<\/div>\n\t\t\t\t<div class=\"elementor-element elementor-element-47c4c09 elementor-widget elementor-widget-text-editor\" data-id=\"47c4c09\" data-element_type=\"widget\" data-widget_type=\"text-editor.default\">\n\t\t\t\t<div class=\"elementor-widget-container\">\n\t\t\t\t\t\t\t<p>Pour Reviscience Labs, chaque patient est exceptionnel.<\/p><p><span style=\"color: var( --e-global-color-secondary ); letter-spacing: 0px;\">C\u00e9l\u00e9brit\u00e9s, sportifs de haut niveau, cas cliniques d\u2019int\u00e9r\u00eat, personnalit\u00e9s au mode de vie intense, patients aux besoins th\u00e9rapeutiques sp\u00e9cifiques font appel \u00e0 notre \u00e9quipe de coordination des soins pour consulter les meilleurs chercheurs mondiaux dans chaque sp\u00e9cialit\u00e9 et r\u00e9soudre les cas les plus complexes.<\/span><\/p>\t\t\t\t\t\t<\/div>\n\t\t\t\t<\/div>\n\t\t\t\t\t<\/div>\r\n\t\t\t\t<\/div>\r\n\t\t\t\t<div class=\"elementor-column elementor-col-50 elementor-top-column elementor-element elementor-element-49b08a6\" data-id=\"49b08a6\" data-element_type=\"column\" data-settings=\"{&quot;background_background&quot;:&quot;classic&quot;}\">\r\n\t\t\t\t\t<div class=\"elementor-widget-wrap elementor-element-populated\">\r\n\t\t\t\t\t\t\t\t<section class=\"elementor-section elementor-inner-section elementor-element elementor-element-f897d3e elementor-section-height-min-height elementor-section-boxed elementor-section-height-default\" data-id=\"f897d3e\" data-element_type=\"section\" data-settings=\"{&quot;background_background&quot;:&quot;classic&quot;}\">\r\n\t\t\r\n\t\t\t\t\t\t\t<div class=\"elementor-container elementor-column-gap-default\">\r\n\t\t\t\t\t\t\t\t\t\t\t<div class=\"elementor-column elementor-col-100 elementor-inner-column elementor-element elementor-element-2f87128\" data-id=\"2f87128\" data-element_type=\"column\" data-settings=\"{&quot;background_background&quot;:&quot;classic&quot;}\">\r\n\t\t\t\t\t<div class=\"elementor-widget-wrap\">\r\n\t\t\t\t\t\t\t\t\t<\/div>\r\n\t\t\t\t<\/div>\r\n\t\t\t\t\t<\/div>\r\n\t\t\t\t<\/section>\r\n\t\t\t\t\t<\/div>\r\n\t\t\t\t<\/div>\r\n\t\t\t\t\t<\/div>\r\n\t\t\t\t<\/section>\r\n\t\t\t\t<section class=\"elementor-section elementor-top-section elementor-element elementor-element-b032188 elementor-reverse-tablet elementor-section-boxed elementor-section-height-default elementor-section-height-default\" data-id=\"b032188\" data-element_type=\"section\">\r\n\t\t\r\n\t\t\t\t\t\t\t<div class=\"elementor-container elementor-column-gap-default\">\r\n\t\t\t\t\t\t\t\t\t\t\t<div class=\"elementor-column elementor-col-100 elementor-top-column elementor-element elementor-element-cb7329e\" data-id=\"cb7329e\" data-element_type=\"column\">\r\n\t\t\t\t\t<div class=\"elementor-widget-wrap elementor-element-populated\">\r\n\t\t\t\t\t\t\t\t<div class=\"elementor-element elementor-element-c9b4b0c elementor-widget elementor-widget-heading\" data-id=\"c9b4b0c\" data-element_type=\"widget\" data-widget_type=\"heading.default\">\n\t\t\t\t<div class=\"elementor-widget-container\">\n\t\t\t<h2 class=\"elementor-heading-title elementor-size-default\">Les protocoles de sant\u00e9 connect\u00e9s, au coeur du projet Reviscience Labs<\/h2>\t\t<\/div>\n\t\t\t\t<\/div>\n\t\t\t\t<div class=\"elementor-element elementor-element-bc74f37 elementor-widget elementor-widget-text-editor\" data-id=\"bc74f37\" data-element_type=\"widget\" data-widget_type=\"text-editor.default\">\n\t\t\t\t<div class=\"elementor-widget-container\">\n\t\t\t\t\t\t\t<p>\u00a0<\/p><p style=\"text-align: left;\">Les dispositifs m\u00e9dicaux num\u00e9riques connect\u00e9s sont en train de r\u00e9volutionner les biotechnologies et vont permettre la diffusion de la m\u00e9decine de pr\u00e9cision.<\/p><p style=\"text-align: left;\">Notre R&amp;D travaille aujourd\u2019hui \u00e0 d\u00e9velopper des capteurs biologiques en continu ainsi que leurs protocoles d\u2019utilisation associ\u00e9s. Ces syst\u00e8mes innovants permettent d\u2019ajuster avec exactitude et en temps r\u00e9el les apports n\u00e9cessaires en principes actifs pour chaque patient, en fonction de ses propres param\u00e8tres biologiques, de ses besoins en nutriments et de ses carences.<\/p><p style=\"text-align: left;\">Les applications de ces nouveaux dispositifs m\u00e9dicaux IoT sont extr\u00eamement larges puisqu\u2019elles concernent\u00a0:<\/p><ul><li style=\"text-align: left;\">des programmes d\u2019exercice physique individualis\u00e9s, comme le Human Performance Precision eXperience, v\u00e9ritable laboratoire d\u2019\u00e9valuation des protocoles de biofeedback physiologique,<\/li><li style=\"text-align: left;\">l\u2019accompagnement en nutrition, via des compl\u00e9ments alimentaires, des programmes de nutrition clinique ou de suppl\u00e9mentation individualis\u00e9e,<\/li><li style=\"text-align: left;\">la d\u00e9livrance de m\u00e9dicaments pour un large spectre de pathologies<\/li><\/ul>\t\t\t\t\t\t<\/div>\n\t\t\t\t<\/div>\n\t\t\t\t\t<\/div>\r\n\t\t\t\t<\/div>\r\n\t\t\t\t\t<\/div>\r\n\t\t\t\t<\/section>\r\n\t\t\t\t<section class=\"elementor-section elementor-top-section elementor-element elementor-element-f46925b elementor-section-boxed elementor-section-height-default elementor-section-height-default\" data-id=\"f46925b\" data-element_type=\"section\">\r\n\t\t\r\n\t\t\t\t\t\t\t<div class=\"elementor-container elementor-column-gap-default\">\r\n\t\t\t\t\t\t\t\t\t\t\t<div class=\"elementor-column elementor-col-100 elementor-top-column elementor-element elementor-element-e9bfc60\" data-id=\"e9bfc60\" data-element_type=\"column\">\r\n\t\t\t\t\t<div class=\"elementor-widget-wrap elementor-element-populated\">\r\n\t\t\t\t\t\t\t\t<div class=\"elementor-element elementor-element-86dc9c8 elementor-widget elementor-widget-heading\" data-id=\"86dc9c8\" data-element_type=\"widget\" data-widget_type=\"heading.default\">\n\t\t\t\t<div class=\"elementor-widget-container\">\n\t\t\t<h2 class=\"elementor-heading-title elementor-size-default\">Le Syst\u00e8me Supraceutique, une innovation mondiale<\/h2>\t\t<\/div>\n\t\t\t\t<\/div>\n\t\t\t\t\t<\/div>\r\n\t\t\t\t<\/div>\r\n\t\t\t\t\t<\/div>\r\n\t\t\t\t<\/section>\r\n\t\t\t\t<section class=\"elementor-section elementor-top-section elementor-element elementor-element-5dd2ae8 elementor-section-boxed elementor-section-height-default elementor-section-height-default\" data-id=\"5dd2ae8\" data-element_type=\"section\">\r\n\t\t\r\n\t\t\t\t\t\t\t<div class=\"elementor-container elementor-column-gap-default\">\r\n\t\t\t\t\t\t\t\t\t\t\t<div class=\"elementor-column elementor-col-50 elementor-top-column elementor-element elementor-element-6969515\" data-id=\"6969515\" data-element_type=\"column\">\r\n\t\t\t\t\t<div class=\"elementor-widget-wrap elementor-element-populated\">\r\n\t\t\t\t\t\t\t\t<div class=\"elementor-element elementor-element-ff9dd67 elementor-widget elementor-widget-image\" data-id=\"ff9dd67\" data-element_type=\"widget\" data-widget_type=\"image.default\">\n\t\t\t\t<div class=\"elementor-widget-container\">\n\t\t\t\t\t\t\t\t\t\t\t\t\t\t<a href=\"https:\/\/reviscience-labs.com\/fr\/systeme-supraceutique\/\" target=\"_blank\">\n\t\t\t\t\t\t\t<img fetchpriority=\"high\" decoding=\"async\" width=\"494\" height=\"308\" src=\"https:\/\/reviscience-labs.com\/fr\/wp-content\/uploads\/2022\/04\/SS.png\" class=\"attachment-large size-large wp-image-1144\" alt=\"\" srcset=\"https:\/\/reviscience-labs.com\/fr\/wp-content\/uploads\/2022\/04\/SS.png 494w, https:\/\/reviscience-labs.com\/fr\/wp-content\/uploads\/2022\/04\/SS-400x249.png 400w, https:\/\/reviscience-labs.com\/fr\/wp-content\/uploads\/2022\/04\/SS-367x229.png 367w\" sizes=\"(max-width: 494px) 100vw, 494px\" \/>\t\t\t\t\t\t\t\t<\/a>\n\t\t\t\t\t\t\t\t\t\t\t\t\t<\/div>\n\t\t\t\t<\/div>\n\t\t\t\t\t<\/div>\r\n\t\t\t\t<\/div>\r\n\t\t\t\t<div class=\"elementor-column elementor-col-50 elementor-top-column elementor-element elementor-element-8f4244b\" data-id=\"8f4244b\" data-element_type=\"column\">\r\n\t\t\t\t\t<div class=\"elementor-widget-wrap elementor-element-populated\">\r\n\t\t\t\t\t\t\t\t<div class=\"elementor-element elementor-element-18b35b3 elementor-widget elementor-widget-text-editor\" data-id=\"18b35b3\" data-element_type=\"widget\" data-widget_type=\"text-editor.default\">\n\t\t\t\t<div class=\"elementor-widget-container\">\n\t\t\t\t\t\t\t<p>Innovation de la recherche Reviscience Labs, <span style=\"text-decoration: underline;\"><a href=\"https:\/\/reviscience-labs.com\/fr\/systeme-supraceutique\/\">le Syst\u00e8me Supraceutique\u00ae<\/a><\/span> est une application qui analyse les param\u00e8tres biologiques de chaque patient et adapte la dispensation des actifs<span style=\"color: var( --e-global-color-secondary ); font-family: var( --e-global-typography-secondary-font-family ); font-size: var( --e-global-typography-secondary-font-size ); font-weight: var( --e-global-typography-secondary-font-weight ); letter-spacing: var(--porto-body-ls,0);\">&nbsp;\u00e0 ses<\/span><span style=\"color: var( --e-global-color-secondary ); font-family: var( --e-global-typography-secondary-font-family ); font-size: var( --e-global-typography-secondary-font-size ); font-weight: var( --e-global-typography-secondary-font-weight ); letter-spacing: var(--porto-body-ls,0);\">&nbsp;besoins. L<\/span><span style=\"color: var( --e-global-color-secondary ); font-family: var( --e-global-typography-secondary-font-family ); font-size: var( --e-global-typography-secondary-font-size ); font-weight: var( --e-global-typography-secondary-font-weight ); letter-spacing: var(--porto-body-ls,0);\">&#8216;<\/span><span style=\"color: var( --e-global-color-secondary ); font-family: var( --e-global-typography-secondary-font-family ); font-size: var( --e-global-typography-secondary-font-size ); font-weight: var( --e-global-typography-secondary-font-weight ); letter-spacing: var(--porto-body-ls,0);\">intelligence artificielle de&nbsp;<\/span><span style=\"color: var( --e-global-color-secondary ); font-family: var( --e-global-typography-secondary-font-family ); font-size: var( --e-global-typography-secondary-font-size ); font-weight: var( --e-global-typography-secondary-font-weight ); letter-spacing: var(--porto-body-ls,0);\">chrono-nutrition <\/span><span style=\"color: var( --e-global-color-secondary ); font-family: var( --e-global-typography-secondary-font-family ); font-size: var( --e-global-typography-secondary-font-size ); font-weight: var( --e-global-typography-secondary-font-weight ); letter-spacing: var(--porto-body-ls,0);\">du Syst\u00e8me d\u00e9termine les doses et les moments&nbsp;<\/span>optimaux&nbsp;<span style=\"color: var( --e-global-color-secondary ); font-family: var( --e-global-typography-secondary-font-family ); font-size: var( --e-global-typography-secondary-font-size ); font-weight: var( --e-global-typography-secondary-font-weight ); letter-spacing: var(--porto-body-ls,0);\">d&#8217;administration pour des cures encore plus efficaces.&nbsp;&nbsp;<\/span><\/p>\n<p>Disponible sur smartphone, le&nbsp;<span style=\"color: var( --e-global-color-secondary ); font-family: var( --e-global-typography-secondary-font-family ); font-size: var( --e-global-typography-secondary-font-size ); font-weight: var( --e-global-typography-secondary-font-weight ); letter-spacing: var(--porto-body-ls,0); text-decoration-line: underline;\"><a href=\"https:\/\/reviscience-labs.com\/fr\/systeme-supraceutique\/\">Syst\u00e8me Supraceutique\u00ae<\/a><\/span><span style=\"color: var( --e-global-color-secondary ); font-family: var( --e-global-typography-secondary-font-family ); font-size: var( --e-global-typography-secondary-font-size ); font-weight: var( --e-global-typography-secondary-font-weight ); letter-spacing: var(--porto-body-ls,0);\">&nbsp;<\/span><span style=\"color: var( --e-global-color-secondary ); font-family: var( --e-global-typography-secondary-font-family ); font-size: var( --e-global-typography-secondary-font-size ); font-weight: var( --e-global-typography-secondary-font-weight ); letter-spacing: var(--porto-body-ls,0);\">pr\u00e9figure pour la nutrition les dispositifs m\u00e9dicaux IoT qui s\u2019appr\u00eatent \u00e0 r\u00e9volutionner la sant\u00e9<\/span><\/p>\t\t\t\t\t\t<\/div>\n\t\t\t\t<\/div>\n\t\t\t\t\t<\/div>\r\n\t\t\t\t<\/div>\r\n\t\t\t\t\t<\/div>\r\n\t\t\t\t<\/section>\r\n\t\t\t\t<\/div>\n\t\t","protected":false},"excerpt":{"rendered":"<p>Reviscience Labs : une ambition scientifique R\u00e9volutionner la sant\u00e9 par la science gr\u00e2ce \u00e0 une recherche de pointe,pour une efficacit\u00e9 exceptionnelle des soins Reviscience Labs : une ambition scientifique R\u00e9volutionner la sant\u00e9 par la science gr\u00e2ce \u00e0 une recherche de pointe, pour une efficacit\u00e9 exceptionnelle des soins. L\u2019histoire d\u2019une marque au coeur de la science [&hellip;]<\/p>\n","protected":false},"author":1,"featured_media":0,"parent":0,"menu_order":0,"comment_status":"closed","ping_status":"closed","template":"","meta":{"footnotes":""},"class_list":["post-1035","page","type-page","status-publish","hentry"],"_links":{"self":[{"href":"https:\/\/reviscience-labs.com\/fr\/wp-json\/wp\/v2\/pages\/1035","targetHints":{"allow":["GET"]}}],"collection":[{"href":"https:\/\/reviscience-labs.com\/fr\/wp-json\/wp\/v2\/pages"}],"about":[{"href":"https:\/\/reviscience-labs.com\/fr\/wp-json\/wp\/v2\/types\/page"}],"author":[{"embeddable":true,"href":"https:\/\/reviscience-labs.com\/fr\/wp-json\/wp\/v2\/users\/1"}],"replies":[{"embeddable":true,"href":"https:\/\/reviscience-labs.com\/fr\/wp-json\/wp\/v2\/comments?post=1035"}],"version-history":[{"count":0,"href":"https:\/\/reviscience-labs.com\/fr\/wp-json\/wp\/v2\/pages\/1035\/revisions"}],"wp:attachment":[{"href":"https:\/\/reviscience-labs.com\/fr\/wp-json\/wp\/v2\/media?parent=1035"}],"curies":[{"name":"wp","href":"https:\/\/api.w.org\/{rel}","templated":true}]}}